{"id":686,"date":"2025-04-14T18:11:02","date_gmt":"2025-04-14T18:11:02","guid":{"rendered":"https:\/\/elipsa.bazastudio.com\/?page_id=686"},"modified":"2026-04-17T06:45:45","modified_gmt":"2026-04-17T06:45:45","slug":"uvjeti-koristenja","status":"publish","type":"page","link":"https:\/\/elipsa.hr\/en\/uvjeti-koristenja\/","title":{"rendered":"Uvjeti kori\u0161tenja"},"content":{"rendered":"<div data-elementor-type=\"wp-page\" data-elementor-id=\"686\" class=\"elementor elementor-686\" data-elementor-post-type=\"page\">\n\t\t\t\t<div class=\"elementor-element elementor-element-e49ec1f e-flex e-con-boxed e-con e-parent\" data-id=\"e49ec1f\" data-element_type=\"container\">\n\t\t\t\t\t<div class=\"e-con-inner\">\n\t\t\t\t<div class=\"elementor-element elementor-element-4cf136b elementor-widget elementor-widget-text-editor\" data-id=\"4cf136b\" data-element_type=\"widget\" data-widget_type=\"text-editor.default\">\n\t\t\t\t<div class=\"elementor-widget-container\">\n\t\t\t\t\t\t\t\t\t<h2>Politika obrade i za\u0161tite osobnih podataka<\/h2><p>Va\u0161i osobni podaci se obra\u0111uju odgovorno, po\u0161tuju\u0107i Va\u0161u privatnost te u skladu s va\u017ee\u0107im zakonima i uredbama za za\u0161titu osobnih podataka.<\/p><p>Podaci se prikupljaju za vrijeme kori\u0161tenja internet stranice. Politika za\u0161tite osobnih podataka primjenjuje se na sva podru\u010dja stranice www.elipsa.hr<\/p><p>Osobni podaci prikupljaju se za izvr\u0161avanje ugovornih i zakonskih obaveza, pobolj\u0161anje poslovanja te za potrebe informiranja klijenata o savjetodavnim uslugama, novim edukacijama te novostima. Tijekom Va\u0161e posjete web stranici, ili pak konkretne poslovne suradnje prikupljaju se sljede\u0107i podaci na stranici kontakt forme: ime i prezime, kontakt podaci, IP adresa tijekom posjete web stranici.<\/p><p>Podaci se \u010duvaju u obliku i sadr\u017eaju koji Vas mo\u017ee identificirati ne dulje nego \u0161to je potrebno i to za svrhu za koju su prikupljeni. Po isteku tog vremena podaci se bri\u0161u i postaju nedostupni. Va\u0161i osobni podaci se \u010duvaju i \u0161tite cijelo vrijeme dok su pohranjeni. Osobne podatke koje ste dali u poslovne svrhe koriste se isklju\u010divo za potrebe poslovanja.<\/p><h2>Odricanje odgovornosti<\/h2><p>Vlasnik stranice je tvrtka Elipsa &#8211; S.Z. d.o.o.\u00a0<\/p><p>Svi podaci i informacije na ovoj stranici prikazuju se samo u informativne svrhe. Vlasnik tvrtke ne jam\u010di to\u010dnost, potpunost, aktualnost, prikladnost ili valjanost bilo koje informacije na ovoj stranici i ne\u0107e biti odgovoran za bilo kakve gubitke, povrede ili \u0161tete nastale njihovim prikazivanjem ili kori\u0161tenjem. Isto se odnosi na podatke i informacije do kojih korisnik do\u0111e pra\u0107enjem bilo koje poveznice na stranici.<\/p><p>Bilo koji podatak ili informacija na stranici mogu se nepromijenjeni koristiti, umno\u017eavati, distribuirati ili na bilo koji drugi na\u010din replicirati isklju\u010divo u nekomercijalne svrhe. Za bilo koju drugu namjenu potrebno je dobiti odobrenje vlasnika tvrtke.<\/p><p>Uvjeti i odredbe politike obrade i za\u0161tite osobnih podataka i odricanja odgovornosti podlo\u017eni su promjenama u bilo koje vrijeme i bez prethodne obavijesti.<\/p>\t\t\t\t\t\t\t\t<\/div>\n\t\t\t\t<\/div>\n\t\t\t\t\t<\/div>\n\t\t\t\t<\/div>\n\t\t\t\t<\/div>","protected":false},"excerpt":{"rendered":"<p>Politika obrade i za\u0161tite osobnih podataka Va\u0161i osobni podaci se obra\u0111uju odgovorno, po\u0161tuju\u0107i Va\u0161u privatnost te u skladu s va\u017ee\u0107im zakonima i uredbama za za\u0161titu osobnih podataka. Podaci se prikupljaju za vrijeme kori\u0161tenja internet stranice. Politika za\u0161tite osobnih podataka primjenjuje se na sva podru\u010dja stranice www.elipsa.hr Osobni podaci prikupljaju se za izvr\u0161avanje ugovornih i zakonskih [&hellip;]<\/p>","protected":false},"author":1,"featured_media":0,"parent":0,"menu_order":0,"comment_status":"closed","ping_status":"closed","template":"","meta":{"_acf_changed":false,"footnotes":""},"class_list":["post-686","page","type-page","status-publish","hentry"],"acf":[],"_links":{"self":[{"href":"https:\/\/elipsa.hr\/en\/wp-json\/wp\/v2\/pages\/686"}],"collection":[{"href":"https:\/\/elipsa.hr\/en\/wp-json\/wp\/v2\/pages"}],"about":[{"href":"https:\/\/elipsa.hr\/en\/wp-json\/wp\/v2\/types\/page"}],"author":[{"embeddable":true,"href":"https:\/\/elipsa.hr\/en\/wp-json\/wp\/v2\/users\/1"}],"replies":[{"embeddable":true,"href":"https:\/\/elipsa.hr\/en\/wp-json\/wp\/v2\/comments?post=686"}],"version-history":[{"count":16,"href":"https:\/\/elipsa.hr\/en\/wp-json\/wp\/v2\/pages\/686\/revisions"}],"predecessor-version":[{"id":1831,"href":"https:\/\/elipsa.hr\/en\/wp-json\/wp\/v2\/pages\/686\/revisions\/1831"}],"wp:attachment":[{"href":"https:\/\/elipsa.hr\/en\/wp-json\/wp\/v2\/media?parent=686"}],"curies":[{"name":"wp","href":"https:\/\/api.w.org\/{rel}","templated":true}]}}