{"id":602,"date":"2025-04-14T16:02:36","date_gmt":"2025-04-14T16:02:36","guid":{"rendered":"https:\/\/elipsa.bazastudio.com\/?page_id=602"},"modified":"2026-02-09T09:55:52","modified_gmt":"2026-02-09T09:55:52","slug":"projekti-kategorija","status":"publish","type":"page","link":"https:\/\/elipsa.hr\/en\/projekti-kategorija\/","title":{"rendered":"Projekti-kategorija"},"content":{"rendered":"<div data-elementor-type=\"wp-page\" data-elementor-id=\"602\" class=\"elementor elementor-602\" data-elementor-post-type=\"page\">\n\t\t\t\t<div class=\"elementor-element elementor-element-e2b1436 e-flex e-con-boxed e-con e-parent\" data-id=\"e2b1436\" data-element_type=\"container\">\n\t\t\t\t\t<div class=\"e-con-inner\">\n\t\t\t\t<div class=\"elementor-element elementor-element-e8a4a85 elementor-widget elementor-widget-heading\" data-id=\"e8a4a85\" data-element_type=\"widget\" data-widget_type=\"heading.default\">\n\t\t\t\t<div class=\"elementor-widget-container\">\n\t\t\t\t\t<h2 class=\"elementor-heading-title elementor-size-default\">PROJEKTI\n<\/h2>\t\t\t\t<\/div>\n\t\t\t\t<\/div>\n\t\t\t\t\t<\/div>\n\t\t\t\t<\/div>\n\t\t<div class=\"elementor-element elementor-element-a16504c e-flex e-con-boxed e-con e-parent\" data-id=\"a16504c\" data-element_type=\"container\">\n\t\t\t\t\t<div class=\"e-con-inner\">\n\t\t\t\t<div class=\"elementor-element elementor-element-1bf1485 elementor-grid-3 elementor-grid-tablet-2 elementor-grid-mobile-1 elementor-widget elementor-widget-loop-grid\" data-id=\"1bf1485\" data-element_type=\"widget\" data-settings=\"{&quot;template_id&quot;:607,&quot;pagination_type&quot;:&quot;numbers&quot;,&quot;_skin&quot;:&quot;post&quot;,&quot;columns&quot;:&quot;3&quot;,&quot;columns_tablet&quot;:&quot;2&quot;,&quot;columns_mobile&quot;:&quot;1&quot;,&quot;edit_handle_selector&quot;:&quot;[data-elementor-type=\\&quot;loop-item\\&quot;]&quot;,&quot;pagination_load_type&quot;:&quot;page_reload&quot;,&quot;row_gap&quot;:{&quot;unit&quot;:&quot;px&quot;,&quot;size&quot;:&quot;&quot;,&quot;sizes&quot;:[]},&quot;row_gap_tablet&quot;:{&quot;unit&quot;:&quot;px&quot;,&quot;size&quot;:&quot;&quot;,&quot;sizes&quot;:[]},&quot;row_gap_mobile&quot;:{&quot;unit&quot;:&quot;px&quot;,&quot;size&quot;:&quot;&quot;,&quot;sizes&quot;:[]}}\" data-widget_type=\"loop-grid.post\">\n\t\t\t\t<div class=\"elementor-widget-container\">\n\t\t\t\t\t\t\t<div class=\"elementor-loop-container elementor-grid\">\n\t\t<style id=\"loop-dynamic-607\">.e-loop-item-1431 .elementor-element.elementor-element-5128590:not(.elementor-motion-effects-element-type-background), .e-loop-item-1431 .elementor-element.elementor-element-5128590 > .elementor-motion-effects-container > .elementor-motion-effects-layer{background-image:url(\"https:\/\/elipsa.hr\/wp-content\/uploads\/2026\/02\/kranjc.png\");}<\/style><style id=\"loop-607\">.elementor-607 .elementor-element.elementor-element-418e3fe{--display:flex;--gap:5px 0px;--row-gap:5px;--column-gap:0px;border-style:solid;--border-style:solid;border-width:1px 1px 1px 1px;--border-top-width:1px;--border-right-width:1px;--border-bottom-width:1px;--border-left-width:1px;border-color:var( --e-global-color-primary );--border-color:var( --e-global-color-primary );}.elementor-607 .elementor-element.elementor-element-418e3fe:not(.elementor-motion-effects-element-type-background), .elementor-607 .elementor-element.elementor-element-418e3fe > .elementor-motion-effects-container > .elementor-motion-effects-layer{background-color:#FFFFFF;}.elementor-607 .elementor-element.elementor-element-5128590{--display:flex;--min-height:179px;border-style:solid;--border-style:solid;border-width:1px 1px 1px 1px;--border-top-width:1px;--border-right-width:1px;--border-bottom-width:1px;--border-left-width:1px;border-color:var( --e-global-color-primary );--border-color:var( --e-global-color-primary );}.elementor-607 .elementor-element.elementor-element-5128590:not(.elementor-motion-effects-element-type-background), .elementor-607 .elementor-element.elementor-element-5128590 > .elementor-motion-effects-container > .elementor-motion-effects-layer{background-position:center center;background-repeat:no-repeat;background-size:cover;}.elementor-widget-theme-post-title .elementor-heading-title{font-family:var( --e-global-typography-primary-font-family ), Sans-serif;font-weight:var( --e-global-typography-primary-font-weight );}.elementor-607 .elementor-element.elementor-element-1cb01a7 > .elementor-widget-container{padding:5px 0px 0px 0px;}.elementor-607 .elementor-element.elementor-element-1cb01a7 .elementor-heading-title{font-family:\"Nunito\", Sans-serif;font-size:1.6em;font-weight:600;line-height:1.1em;color:var( --e-global-color-primary );}.elementor-widget-heading .elementor-heading-title{font-family:var( --e-global-typography-primary-font-family ), Sans-serif;font-weight:var( --e-global-typography-primary-font-weight );}.elementor-607 .elementor-element.elementor-element-57d4d96 > .elementor-widget-container{margin:0px 0px 0px 0px;padding:4px 0px 6px 0px;}.elementor-607 .elementor-element.elementor-element-57d4d96 .elementor-heading-title{font-family:\"Nunito\", Sans-serif;font-size:1.1em;font-weight:600;color:#A5A5A5;}<\/style>\t\t<div data-elementor-type=\"loop-item\" data-elementor-id=\"607\" class=\"elementor elementor-607 e-loop-item e-loop-item-1431 post-1431 projekt type-projekt status-publish has-post-thumbnail hentry\" data-elementor-post-type=\"elementor_library\" data-custom-edit-handle=\"1\">\n\t\t\t<div class=\"elementor-element elementor-element-418e3fe e-flex e-con-boxed e-con e-parent\" data-id=\"418e3fe\" data-element_type=\"container\" data-settings=\"{&quot;background_background&quot;:&quot;classic&quot;}\">\n\t\t\t\t\t<div class=\"e-con-inner\">\n\t\t<div class=\"elementor-element elementor-element-5128590 e-con-full e-flex e-con e-child\" data-id=\"5128590\" data-element_type=\"container\" data-settings=\"{&quot;background_background&quot;:&quot;classic&quot;}\">\n\t\t\t\t<\/div>\n\t\t\t\t<div class=\"elementor-element elementor-element-1cb01a7 elementor-widget elementor-widget-theme-post-title elementor-page-title elementor-widget-heading\" data-id=\"1cb01a7\" data-element_type=\"widget\" data-widget_type=\"theme-post-title.default\">\n\t\t\t\t<div class=\"elementor-widget-container\">\n\t\t\t\t\t<h1 class=\"elementor-heading-title elementor-size-default\"><a href=\"https:\/\/elipsa.hr\/en\/projekt\/sedlasti-kruzni-tok-u-zagrebu\/\">Sedlasti kru\u017eni tok u Zagrebu<\/a><\/h1>\t\t\t\t<\/div>\n\t\t\t\t<\/div>\n\t\t\t\t<div class=\"elementor-element elementor-element-57d4d96 elementor-widget elementor-widget-heading\" data-id=\"57d4d96\" data-element_type=\"widget\" data-widget_type=\"heading.default\">\n\t\t\t\t<div class=\"elementor-widget-container\">\n\t\t\t\t\t<h4 class=\"elementor-heading-title elementor-size-default\">2023.<\/h4>\t\t\t\t<\/div>\n\t\t\t\t<\/div>\n\t\t\t\t\t<\/div>\n\t\t\t\t<\/div>\n\t\t\t\t<\/div>\n\t\t<style id=\"loop-dynamic-607\">.e-loop-item-1429 .elementor-element.elementor-element-5128590:not(.elementor-motion-effects-element-type-background), .e-loop-item-1429 .elementor-element.elementor-element-5128590 > .elementor-motion-effects-container > .elementor-motion-effects-layer{background-image:url(\"https:\/\/elipsa.hr\/wp-content\/uploads\/2026\/02\/kruzni-tok-zapresic.png\");}<\/style>\t\t<div data-elementor-type=\"loop-item\" data-elementor-id=\"607\" class=\"elementor elementor-607 e-loop-item e-loop-item-1429 post-1429 projekt type-projekt status-publish has-post-thumbnail hentry\" data-elementor-post-type=\"elementor_library\" data-custom-edit-handle=\"1\">\n\t\t\t<div class=\"elementor-element elementor-element-418e3fe e-flex e-con-boxed e-con e-parent\" data-id=\"418e3fe\" data-element_type=\"container\" data-settings=\"{&quot;background_background&quot;:&quot;classic&quot;}\">\n\t\t\t\t\t<div class=\"e-con-inner\">\n\t\t<div class=\"elementor-element elementor-element-5128590 e-con-full e-flex e-con e-child\" data-id=\"5128590\" data-element_type=\"container\" data-settings=\"{&quot;background_background&quot;:&quot;classic&quot;}\">\n\t\t\t\t<\/div>\n\t\t\t\t<div class=\"elementor-element elementor-element-1cb01a7 elementor-widget elementor-widget-theme-post-title elementor-page-title elementor-widget-heading\" data-id=\"1cb01a7\" data-element_type=\"widget\" data-widget_type=\"theme-post-title.default\">\n\t\t\t\t<div class=\"elementor-widget-container\">\n\t\t\t\t\t<h1 class=\"elementor-heading-title elementor-size-default\"><a href=\"https:\/\/elipsa.hr\/en\/projekt\/kruzni-tokovi-prometa-u-zapresicu\/\">Kru\u017eni tokovi prometa u Zapre\u0161i\u0107u<\/a><\/h1>\t\t\t\t<\/div>\n\t\t\t\t<\/div>\n\t\t\t\t<div class=\"elementor-element elementor-element-57d4d96 elementor-widget elementor-widget-heading\" data-id=\"57d4d96\" data-element_type=\"widget\" data-widget_type=\"heading.default\">\n\t\t\t\t<div class=\"elementor-widget-container\">\n\t\t\t\t\t<h4 class=\"elementor-heading-title elementor-size-default\">2024. 2025.<\/h4>\t\t\t\t<\/div>\n\t\t\t\t<\/div>\n\t\t\t\t\t<\/div>\n\t\t\t\t<\/div>\n\t\t\t\t<\/div>\n\t\t<style id=\"loop-dynamic-607\">.e-loop-item-225 .elementor-element.elementor-element-5128590:not(.elementor-motion-effects-element-type-background), .e-loop-item-225 .elementor-element.elementor-element-5128590 > .elementor-motion-effects-container > .elementor-motion-effects-layer{background-image:url(\"https:\/\/elipsa.hr\/wp-content\/uploads\/2025\/04\/20171024_171559-scaled.jpg\");}<\/style>\t\t<div data-elementor-type=\"loop-item\" data-elementor-id=\"607\" class=\"elementor elementor-607 e-loop-item e-loop-item-225 post-225 projekt type-projekt status-publish has-post-thumbnail hentry\" data-elementor-post-type=\"elementor_library\" data-custom-edit-handle=\"1\">\n\t\t\t<div class=\"elementor-element elementor-element-418e3fe e-flex e-con-boxed e-con e-parent\" data-id=\"418e3fe\" data-element_type=\"container\" data-settings=\"{&quot;background_background&quot;:&quot;classic&quot;}\">\n\t\t\t\t\t<div class=\"e-con-inner\">\n\t\t<div class=\"elementor-element elementor-element-5128590 e-con-full e-flex e-con e-child\" data-id=\"5128590\" data-element_type=\"container\" data-settings=\"{&quot;background_background&quot;:&quot;classic&quot;}\">\n\t\t\t\t<\/div>\n\t\t\t\t<div class=\"elementor-element elementor-element-1cb01a7 elementor-widget elementor-widget-theme-post-title elementor-page-title elementor-widget-heading\" data-id=\"1cb01a7\" data-element_type=\"widget\" data-widget_type=\"theme-post-title.default\">\n\t\t\t\t<div class=\"elementor-widget-container\">\n\t\t\t\t\t<h1 class=\"elementor-heading-title elementor-size-default\"><a href=\"https:\/\/elipsa.hr\/en\/projekt\/privremena-regulacija-prometa-za-vrijeme-izgradnje-remetineckog-rotora-2018-2020\/\">Temporary traffic regulation during the construction of the Remetinec roundabout.<\/a><\/h1>\t\t\t\t<\/div>\n\t\t\t\t<\/div>\n\t\t\t\t<div class=\"elementor-element elementor-element-57d4d96 elementor-widget elementor-widget-heading\" data-id=\"57d4d96\" data-element_type=\"widget\" data-widget_type=\"heading.default\">\n\t\t\t\t<div class=\"elementor-widget-container\">\n\t\t\t\t\t<h4 class=\"elementor-heading-title elementor-size-default\">(2018. - 2020.)<\/h4>\t\t\t\t<\/div>\n\t\t\t\t<\/div>\n\t\t\t\t\t<\/div>\n\t\t\t\t<\/div>\n\t\t\t\t<\/div>\n\t\t\t\t<\/div>\n\t\t\n\t\t\t\t\t\t<\/div>\n\t\t\t\t<\/div>\n\t\t\t\t\t<\/div>\n\t\t\t\t<\/div>\n\t\t<div class=\"elementor-element elementor-element-ed28483 e-flex e-con-boxed e-con e-parent\" data-id=\"ed28483\" data-element_type=\"container\">\n\t\t\t\t\t<div class=\"e-con-inner\">\n\t\t\t\t<div class=\"elementor-element elementor-element-0418148 elementor-align-center elementor-widget elementor-widget-button\" data-id=\"0418148\" data-element_type=\"widget\" data-widget_type=\"button.default\">\n\t\t\t\t<div class=\"elementor-widget-container\">\n\t\t\t\t\t\t\t\t\t<div class=\"elementor-button-wrapper\">\n\t\t\t\t\t<a class=\"elementor-button elementor-button-link elementor-size-sm\" href=\"\/en\/projekti\/\">\n\t\t\t\t\t\t<span class=\"elementor-button-content-wrapper\">\n\t\t\t\t\t\t<span class=\"elementor-button-icon\">\n\t\t\t\t<svg aria-hidden=\"true\" class=\"e-font-icon-svg e-fas-arrow-left\" viewbox=\"0 0 448 512\" xmlns=\"http:\/\/www.w3.org\/2000\/svg\"><path d=\"M257.5 445.1l-22.2 22.2c-9.4 9.4-24.6 9.4-33.9 0L7 273c-9.4-9.4-9.4-24.6 0-33.9L201.4 44.7c9.4-9.4 24.6-9.4 33.9 0l22.2 22.2c9.5 9.5 9.3 25-.4 34.3L136.6 216H424c13.3 0 24 10.7 24 24v32c0 13.3-10.7 24-24 24H136.6l120.5 114.8c9.8 9.3 10 24.8.4 34.3z\"><\/path><\/svg>\t\t\t<\/span>\n\t\t\t\t\t\t\t\t\t<span class=\"elementor-button-text\">Back to all projects<\/span>\n\t\t\t\t\t<\/span>\n\t\t\t\t\t<\/a>\n\t\t\t\t<\/div>\n\t\t\t\t\t\t\t\t<\/div>\n\t\t\t\t<\/div>\n\t\t\t\t\t<\/div>\n\t\t\t\t<\/div>\n\t\t\t\t<\/div>","protected":false},"excerpt":{"rendered":"<p>Back to all projects<\/p>","protected":false},"author":1,"featured_media":0,"parent":0,"menu_order":0,"comment_status":"closed","ping_status":"closed","template":"","meta":{"_acf_changed":false,"footnotes":""},"class_list":["post-602","page","type-page","status-publish","hentry"],"acf":[],"_links":{"self":[{"href":"https:\/\/elipsa.hr\/en\/wp-json\/wp\/v2\/pages\/602"}],"collection":[{"href":"https:\/\/elipsa.hr\/en\/wp-json\/wp\/v2\/pages"}],"about":[{"href":"https:\/\/elipsa.hr\/en\/wp-json\/wp\/v2\/types\/page"}],"author":[{"embeddable":true,"href":"https:\/\/elipsa.hr\/en\/wp-json\/wp\/v2\/users\/1"}],"replies":[{"embeddable":true,"href":"https:\/\/elipsa.hr\/en\/wp-json\/wp\/v2\/comments?post=602"}],"version-history":[{"count":58,"href":"https:\/\/elipsa.hr\/en\/wp-json\/wp\/v2\/pages\/602\/revisions"}],"predecessor-version":[{"id":1764,"href":"https:\/\/elipsa.hr\/en\/wp-json\/wp\/v2\/pages\/602\/revisions\/1764"}],"wp:attachment":[{"href":"https:\/\/elipsa.hr\/en\/wp-json\/wp\/v2\/media?parent=602"}],"curies":[{"name":"wp","href":"https:\/\/api.w.org\/{rel}","templated":true}]}}