{"id":423,"date":"2025-04-10T13:14:31","date_gmt":"2025-04-10T13:14:31","guid":{"rendered":"https:\/\/elipsa.bazastudio.com\/?page_id=423"},"modified":"2026-02-09T09:51:00","modified_gmt":"2026-02-09T09:51:00","slug":"o-nama","status":"publish","type":"page","link":"https:\/\/elipsa.hr\/en\/o-nama\/","title":{"rendered":"ABOUT US"},"content":{"rendered":"<div data-elementor-type=\"wp-page\" data-elementor-id=\"423\" class=\"elementor elementor-423\" data-elementor-post-type=\"page\">\n\t\t\t\t<div class=\"elementor-element elementor-element-506c244 e-flex e-con-boxed elementor-invisible e-con e-parent\" data-id=\"506c244\" data-element_type=\"container\" data-settings=\"{&quot;background_background&quot;:&quot;gradient&quot;,&quot;animation&quot;:&quot;fadeIn&quot;}\">\n\t\t\t\t\t<div class=\"e-con-inner\">\n\t\t\t\t<div class=\"elementor-element elementor-element-15b3dff elementor-widget elementor-widget-heading\" data-id=\"15b3dff\" data-element_type=\"widget\" data-widget_type=\"heading.default\">\n\t\t\t\t<div class=\"elementor-widget-container\">\n\t\t\t\t\t<h1 class=\"elementor-heading-title elementor-size-default translation-block\">We create new value in <span style=\"color:#feec01\">transport and civil engineering<\/span>, earning the lasting trust of domestic and international partners.<\/h1>\t\t\t\t<\/div>\n\t\t\t\t<\/div>\n\t\t<div class=\"elementor-element elementor-element-348445b e-con-full e-flex elementor-invisible e-con e-child\" data-id=\"348445b\" data-element_type=\"container\" id=\"pozadina\" data-settings=\"{&quot;background_background&quot;:&quot;classic&quot;,&quot;position&quot;:&quot;absolute&quot;,&quot;animation&quot;:&quot;slideInDown&quot;}\">\n\t\t\t\t<\/div>\n\t\t\t\t\t<\/div>\n\t\t\t\t<\/div>\n\t\t<div class=\"elementor-element elementor-element-2cdac82 e-flex e-con-boxed e-con e-parent\" data-id=\"2cdac82\" data-element_type=\"container\">\n\t\t\t\t\t<div class=\"e-con-inner\">\n\t\t\t\t<div class=\"elementor-element elementor-element-f07c3f5 animated-slow elementor-invisible elementor-widget elementor-widget-heading\" data-id=\"f07c3f5\" data-element_type=\"widget\" data-settings=\"{&quot;_animation&quot;:&quot;fadeIn&quot;}\" data-widget_type=\"heading.default\">\n\t\t\t\t<div class=\"elementor-widget-container\">\n\t\t\t\t\t<h2 class=\"elementor-heading-title elementor-size-default translation-block\"><span style=\"color:#9d9d9d\">\nWe build excellence on the latest scientific and professional knowledge, as demonstrated by regular ISO 9001 re-certifications in the following areas:\n<\/span>\ntransport planning and design, scientific research in the field of transport, and civil engineering design and construction supervision in low-rise infrastructure.<\/h2>\t\t\t\t<\/div>\n\t\t\t\t<\/div>\n\t\t\t\t\t<\/div>\n\t\t\t\t<\/div>\n\t\t<div class=\"elementor-element elementor-element-a1df334 e-flex e-con-boxed e-con e-parent\" data-id=\"a1df334\" data-element_type=\"container\">\n\t\t\t\t\t<div class=\"e-con-inner\">\n\t\t<div class=\"elementor-element elementor-element-0a9de79 e-con-full e-flex e-con e-child\" data-id=\"0a9de79\" data-element_type=\"container\">\n\t\t\t\t<div class=\"elementor-element elementor-element-e129f3f elementor-widget elementor-widget-heading\" data-id=\"e129f3f\" data-element_type=\"widget\" data-widget_type=\"heading.default\">\n\t\t\t\t<div class=\"elementor-widget-container\">\n\t\t\t\t\t<h2 class=\"elementor-heading-title elementor-size-default\">MISION<\/h2>\t\t\t\t<\/div>\n\t\t\t\t<\/div>\n\t\t<div class=\"elementor-element elementor-element-b04a083 e-con-full animated-slow e-flex elementor-invisible e-con e-child\" data-id=\"b04a083\" data-element_type=\"container\" data-settings=\"{&quot;background_background&quot;:&quot;classic&quot;,&quot;animation&quot;:&quot;zoomIn&quot;,&quot;animation_delay&quot;:1000}\">\n\t\t\t\t<div class=\"elementor-element elementor-element-ec2b999 elementor-widget elementor-widget-heading\" data-id=\"ec2b999\" data-element_type=\"widget\" data-widget_type=\"heading.default\">\n\t\t\t\t<div class=\"elementor-widget-container\">\n\t\t\t\t\t<h4 class=\"elementor-heading-title elementor-size-default\">Reliable and innovative solutions for transport, traffic and roads \u2014 powered by science, technology, and sustainable mobility.\n<\/h4>\t\t\t\t<\/div>\n\t\t\t\t<\/div>\n\t\t\t\t<\/div>\n\t\t\t\t<\/div>\n\t\t<div class=\"elementor-element elementor-element-f3f06ab e-con-full e-flex e-con e-child\" data-id=\"f3f06ab\" data-element_type=\"container\">\n\t\t\t\t<div class=\"elementor-element elementor-element-4953a07 elementor-widget elementor-widget-heading\" data-id=\"4953a07\" data-element_type=\"widget\" data-widget_type=\"heading.default\">\n\t\t\t\t<div class=\"elementor-widget-container\">\n\t\t\t\t\t<h2 class=\"elementor-heading-title elementor-size-default\">VISION<\/h2>\t\t\t\t<\/div>\n\t\t\t\t<\/div>\n\t\t<div class=\"elementor-element elementor-element-63f5fd3 e-con-full animated-slow e-flex elementor-invisible e-con e-child\" data-id=\"63f5fd3\" data-element_type=\"container\" data-settings=\"{&quot;background_background&quot;:&quot;classic&quot;,&quot;animation&quot;:&quot;zoomIn&quot;,&quot;animation_delay&quot;:1500}\">\n\t\t\t\t<div class=\"elementor-element elementor-element-5009f51 elementor-widget elementor-widget-heading\" data-id=\"5009f51\" data-element_type=\"widget\" data-widget_type=\"heading.default\">\n\t\t\t\t<div class=\"elementor-widget-container\">\n\t\t\t\t\t<h4 class=\"elementor-heading-title elementor-size-default\">To transform transport, traffic and road infrastructure through innovation, excellence, and science-based engineering.<\/h4>\t\t\t\t<\/div>\n\t\t\t\t<\/div>\n\t\t\t\t<\/div>\n\t\t\t\t<\/div>\n\t\t\t\t\t<\/div>\n\t\t\t\t<\/div>\n\t\t<div class=\"elementor-element elementor-element-401499c e-flex e-con-boxed e-con e-parent\" data-id=\"401499c\" data-element_type=\"container\">\n\t\t\t\t\t<div class=\"e-con-inner\">\n\t\t<div class=\"elementor-element elementor-element-6a96bd7 e-con-full e-flex e-con e-child\" data-id=\"6a96bd7\" data-element_type=\"container\">\n\t\t\t\t<div class=\"elementor-element elementor-element-cc0d3ee animated-slow elementor-view-default elementor-position-top elementor-mobile-position-top elementor-invisible elementor-widget elementor-widget-icon-box\" data-id=\"cc0d3ee\" data-element_type=\"widget\" data-settings=\"{&quot;_animation&quot;:&quot;fadeIn&quot;,&quot;_animation_delay&quot;:500}\" data-widget_type=\"icon-box.default\">\n\t\t\t\t<div class=\"elementor-widget-container\">\n\t\t\t\t\t\t\t<div class=\"elementor-icon-box-wrapper\">\n\n\t\t\t\t\t\t<div class=\"elementor-icon-box-icon\">\n\t\t\t\t<span  class=\"elementor-icon\">\n\t\t\t\t<svg aria-hidden=\"true\" class=\"e-font-icon-svg e-fas-leaf\" viewbox=\"0 0 576 512\" xmlns=\"http:\/\/www.w3.org\/2000\/svg\"><path d=\"M546.2 9.7c-5.6-12.5-21.6-13-28.3-1.2C486.9 62.4 431.4 96 368 96h-80C182 96 96 182 96 288c0 7 .8 13.7 1.5 20.5C161.3 262.8 253.4 224 384 224c8.8 0 16 7.2 16 16s-7.2 16-16 16C132.6 256 26 410.1 2.4 468c-6.6 16.3 1.2 34.9 17.5 41.6 16.4 6.8 35-1.1 41.8-17.3 1.5-3.6 20.9-47.9 71.9-90.6 32.4 43.9 94 85.8 174.9 77.2C465.5 467.5 576 326.7 576 154.3c0-50.2-10.8-102.2-29.8-144.6z\"><\/path><\/svg>\t\t\t\t<\/span>\n\t\t\t<\/div>\n\t\t\t\n\t\t\t\t\t\t<div class=\"elementor-icon-box-content\">\n\n\t\t\t\t\t\t\t\t\t<h3 class=\"elementor-icon-box-title\">\n\t\t\t\t\t\t<span  >\n\t\t\t\t\t\t\tInnovative solutions for a green and connected future of mobility.\t\t\t\t\t\t<\/span>\n\t\t\t\t\t<\/h3>\n\t\t\t\t\n\t\t\t\t\n\t\t\t<\/div>\n\t\t\t\n\t\t<\/div>\n\t\t\t\t\t\t<\/div>\n\t\t\t\t<\/div>\n\t\t\t\t<\/div>\n\t\t<div class=\"elementor-element elementor-element-20f85a1 e-con-full e-flex e-con e-child\" data-id=\"20f85a1\" data-element_type=\"container\">\n\t\t\t\t<div class=\"elementor-element elementor-element-0e013ea animated-slow elementor-view-default elementor-position-top elementor-mobile-position-top elementor-invisible elementor-widget elementor-widget-icon-box\" data-id=\"0e013ea\" data-element_type=\"widget\" data-settings=\"{&quot;_animation&quot;:&quot;fadeIn&quot;,&quot;_animation_delay&quot;:1000}\" data-widget_type=\"icon-box.default\">\n\t\t\t\t<div class=\"elementor-widget-container\">\n\t\t\t\t\t\t\t<div class=\"elementor-icon-box-wrapper\">\n\n\t\t\t\t\t\t<div class=\"elementor-icon-box-icon\">\n\t\t\t\t<span  class=\"elementor-icon\">\n\t\t\t\t<svg aria-hidden=\"true\" class=\"e-font-icon-svg e-fab-whmcs\" viewbox=\"0 0 448 512\" xmlns=\"http:\/\/www.w3.org\/2000\/svg\"><path d=\"M448 161v-21.3l-28.5-8.8-2.2-10.4 20.1-20.7L427 80.4l-29 7.5-7.2-7.5 7.5-28.2-19.1-11.6-21.3 21-10.7-3.2-7-26.4h-22.6l-6.2 26.4-12.1 3.2-19.7-21-19.4 11 8.1 27.7-8.1 8.4-28.5-7.5-11 19.1 20.7 21-2.9 10.4-28.5 7.8-.3 21.7 28.8 7.5 2.4 12.1-20.1 19.9 10.4 18.5 29.6-7.5 7.2 8.6-8.1 26.9 19.9 11.6 19.4-20.4 11.6 2.9 6.7 28.5 22.6.3 6.7-28.8 11.6-3.5 20.7 21.6 20.4-12.1-8.8-28 7.8-8.1 28.8 8.8 10.3-20.1-20.9-18.8 2.2-12.1 29.1-7zm-119.2 45.2c-31.3 0-56.8-25.4-56.8-56.8s25.4-56.8 56.8-56.8 56.8 25.4 56.8 56.8c0 31.5-25.4 56.8-56.8 56.8zm72.3 16.4l46.9 14.5V277l-55.1 13.4-4.1 22.7 38.9 35.3-19.2 37.9-54-16.7-14.6 15.2 16.7 52.5-38.3 22.7-38.9-40.5-21.7 6.6-12.6 54-42.4-.5-12.6-53.6-21.7-5.6-36.4 38.4-37.4-21.7 15.2-50.5-13.7-16.1-55.5 14.1-19.7-34.8 37.9-37.4-4.8-22.8-54-14.1.5-40.9L54 219.9l5.7-19.7-38.9-39.4L41.5 125l53.6 14.1 15.2-15.7-15.2-52 36.4-20.7 36.8 39.4L191 84l11.6-52H245l11.6 45.9L234 72l-6.3-1.7-3.3 5.7-11 19.1-3.3 5.6 4.6 4.6 17.2 17.4-.3 1-23.8 6.5-6.2 1.7-.1 6.4-.2 12.9C153.8 161.6 118 204 118 254.7c0 58.3 47.3 105.7 105.7 105.7 50.5 0 92.7-35.4 103.2-82.8l13.2.2 6.9.1 1.6-6.7 5.6-24 1.9-.6 17.1 17.8 4.7 4.9 5.8-3.4 20.4-12.1 5.8-3.5-2-6.5-6.8-21.2z\"><\/path><\/svg>\t\t\t\t<\/span>\n\t\t\t<\/div>\n\t\t\t\n\t\t\t\t\t\t<div class=\"elementor-icon-box-content\">\n\n\t\t\t\t\t\t\t\t\t<h3 class=\"elementor-icon-box-title\">\n\t\t\t\t\t\t<span  >\n\t\t\t\t\t\t\tUniting science and engineering to drive transformative mobility.\t\t\t\t\t\t<\/span>\n\t\t\t\t\t<\/h3>\n\t\t\t\t\n\t\t\t\t\n\t\t\t<\/div>\n\t\t\t\n\t\t<\/div>\n\t\t\t\t\t\t<\/div>\n\t\t\t\t<\/div>\n\t\t\t\t<\/div>\n\t\t<div class=\"elementor-element elementor-element-aa6ab7c e-con-full e-flex e-con e-child\" data-id=\"aa6ab7c\" data-element_type=\"container\">\n\t\t\t\t<div class=\"elementor-element elementor-element-d2b3fc0 animated-slow elementor-view-default elementor-position-top elementor-mobile-position-top elementor-invisible elementor-widget elementor-widget-icon-box\" data-id=\"d2b3fc0\" data-element_type=\"widget\" data-settings=\"{&quot;_animation&quot;:&quot;fadeIn&quot;,&quot;_animation_delay&quot;:1500}\" data-widget_type=\"icon-box.default\">\n\t\t\t\t<div class=\"elementor-widget-container\">\n\t\t\t\t\t\t\t<div class=\"elementor-icon-box-wrapper\">\n\n\t\t\t\t\t\t<div class=\"elementor-icon-box-icon\">\n\t\t\t\t<span  class=\"elementor-icon\">\n\t\t\t\t<svg aria-hidden=\"true\" class=\"e-font-icon-svg e-fas-code-branch\" viewbox=\"0 0 384 512\" xmlns=\"http:\/\/www.w3.org\/2000\/svg\"><path d=\"M384 144c0-44.2-35.8-80-80-80s-80 35.8-80 80c0 36.4 24.3 67.1 57.5 76.8-.6 16.1-4.2 28.5-11 36.9-15.4 19.2-49.3 22.4-85.2 25.7-28.2 2.6-57.4 5.4-81.3 16.9v-144c32.5-10.2 56-40.5 56-76.3 0-44.2-35.8-80-80-80S0 35.8 0 80c0 35.8 23.5 66.1 56 76.3v199.3C23.5 365.9 0 396.2 0 432c0 44.2 35.8 80 80 80s80-35.8 80-80c0-34-21.2-63.1-51.2-74.6 3.1-5.2 7.8-9.8 14.9-13.4 16.2-8.2 40.4-10.4 66.1-12.8 42.2-3.9 90-8.4 118.2-43.4 14-17.4 21.1-39.8 21.6-67.9 31.6-10.8 54.4-40.7 54.4-75.9zM80 64c8.8 0 16 7.2 16 16s-7.2 16-16 16-16-7.2-16-16 7.2-16 16-16zm0 384c-8.8 0-16-7.2-16-16s7.2-16 16-16 16 7.2 16 16-7.2 16-16 16zm224-320c8.8 0 16 7.2 16 16s-7.2 16-16 16-16-7.2-16-16 7.2-16 16-16z\"><\/path><\/svg>\t\t\t\t<\/span>\n\t\t\t<\/div>\n\t\t\t\n\t\t\t\t\t\t<div class=\"elementor-icon-box-content\">\n\n\t\t\t\t\t\t\t\t\t<h3 class=\"elementor-icon-box-title\">\n\t\t\t\t\t\t<span  >\n\t\t\t\t\t\t\tTechnologies and innovations defining the future of mobility.\t\t\t\t\t\t<\/span>\n\t\t\t\t\t<\/h3>\n\t\t\t\t\n\t\t\t\t\n\t\t\t<\/div>\n\t\t\t\n\t\t<\/div>\n\t\t\t\t\t\t<\/div>\n\t\t\t\t<\/div>\n\t\t\t\t<\/div>\n\t\t\t\t\t<\/div>\n\t\t\t\t<\/div>\n\t\t\t\t<\/div>","protected":false},"excerpt":{"rendered":"<p>Stvaramo novu vrijednost u prometnom i gra\u0111evinskom in\u017eenjerstvu, u\u017eivaju\u0107i trajno povjerenje doma\u0107ih i me\u0111unarodnih partnera. Izvrsnost gradimo na recentnim znanstvenim i stru\u010dnim spoznajama, \u0161to potvr\u0111ujemo redovitim re-certifikacijama prema normi ISO 9001 u podru\u010djima: prometno planiranje i projektiranje, znanstvenoistra\u017eiva\u010dki rad u podru\u010dju prometa, projektiranje i nadzor nad gra\u0111enjem u niskogradnji. Misija Pouzdana i inovativna rje\u0161enja za [&hellip;]<\/p>","protected":false},"author":1,"featured_media":0,"parent":0,"menu_order":0,"comment_status":"closed","ping_status":"closed","template":"","meta":{"_acf_changed":false,"footnotes":""},"class_list":["post-423","page","type-page","status-publish","hentry"],"acf":[],"_links":{"self":[{"href":"https:\/\/elipsa.hr\/en\/wp-json\/wp\/v2\/pages\/423"}],"collection":[{"href":"https:\/\/elipsa.hr\/en\/wp-json\/wp\/v2\/pages"}],"about":[{"href":"https:\/\/elipsa.hr\/en\/wp-json\/wp\/v2\/types\/page"}],"author":[{"embeddable":true,"href":"https:\/\/elipsa.hr\/en\/wp-json\/wp\/v2\/users\/1"}],"replies":[{"embeddable":true,"href":"https:\/\/elipsa.hr\/en\/wp-json\/wp\/v2\/comments?post=423"}],"version-history":[{"count":145,"href":"https:\/\/elipsa.hr\/en\/wp-json\/wp\/v2\/pages\/423\/revisions"}],"predecessor-version":[{"id":1761,"href":"https:\/\/elipsa.hr\/en\/wp-json\/wp\/v2\/pages\/423\/revisions\/1761"}],"wp:attachment":[{"href":"https:\/\/elipsa.hr\/en\/wp-json\/wp\/v2\/media?parent=423"}],"curies":[{"name":"wp","href":"https:\/\/api.w.org\/{rel}","templated":true}]}}