{"id":1066,"date":"2025-04-16T11:14:46","date_gmt":"2025-04-16T11:14:46","guid":{"rendered":"https:\/\/elipsa.bazastudio.com\/?page_id=1066"},"modified":"2026-04-17T10:08:25","modified_gmt":"2026-04-17T10:08:25","slug":"certifikati","status":"publish","type":"page","link":"https:\/\/elipsa.hr\/en\/certifikati\/","title":{"rendered":"Certifikati"},"content":{"rendered":"<div data-elementor-type=\"wp-page\" data-elementor-id=\"1066\" class=\"elementor elementor-1066\" data-elementor-post-type=\"page\">\n\t\t\t\t<div class=\"elementor-element elementor-element-2026ce8 e-flex e-con-boxed e-con e-parent\" data-id=\"2026ce8\" data-element_type=\"container\">\n\t\t\t\t\t<div class=\"e-con-inner\">\n\t\t\t\t<div class=\"elementor-element elementor-element-24ae1fe elementor-widget elementor-widget-heading\" data-id=\"24ae1fe\" data-element_type=\"widget\" data-widget_type=\"heading.default\">\n\t\t\t\t<div class=\"elementor-widget-container\">\n\t\t\t\t\t<h2 class=\"elementor-heading-title elementor-size-default\">Strukovna ovla\u0161tenja i certifikati<\/h2>\t\t\t\t<\/div>\n\t\t\t\t<\/div>\n\t\t\t\t\t<\/div>\n\t\t\t\t<\/div>\n\t\t<div class=\"elementor-element elementor-element-c823d7a e-flex e-con-boxed e-con e-parent\" data-id=\"c823d7a\" data-element_type=\"container\">\n\t\t\t\t\t<div class=\"e-con-inner\">\n\t\t<div class=\"elementor-element elementor-element-90fe3de e-con-full e-flex e-con e-child\" data-id=\"90fe3de\" data-element_type=\"container\">\n\t\t\t\t<div class=\"elementor-element elementor-element-3087437 elementor-widget elementor-widget-image\" data-id=\"3087437\" data-element_type=\"widget\" data-widget_type=\"image.default\">\n\t\t\t\t<div class=\"elementor-widget-container\">\n\t\t\t\t\t\t\t\t\t\t\t\t\t\t\t<img fetchpriority=\"high\" decoding=\"async\" width=\"354\" height=\"212\" src=\"https:\/\/elipsa.hr\/wp-content\/uploads\/2025\/04\/ISO-9001.png\" class=\"attachment-large size-large wp-image-1038\" alt=\"\" srcset=\"https:\/\/elipsa.hr\/wp-content\/uploads\/2025\/04\/ISO-9001.png 354w, https:\/\/elipsa.hr\/wp-content\/uploads\/2025\/04\/ISO-9001-300x180.png 300w, https:\/\/elipsa.hr\/wp-content\/uploads\/2025\/04\/ISO-9001-18x12.png 18w\" sizes=\"(max-width: 354px) 100vw, 354px\" \/>\t\t\t\t\t\t\t\t\t\t\t\t\t\t\t<\/div>\n\t\t\t\t<\/div>\n\t\t\t\t<div class=\"elementor-element elementor-element-a337a11 elementor-widget elementor-widget-heading\" data-id=\"a337a11\" data-element_type=\"widget\" data-widget_type=\"heading.default\">\n\t\t\t\t<div class=\"elementor-widget-container\">\n\t\t\t\t\t<h4 class=\"elementor-heading-title elementor-size-default\">ISO 9001:2015<br>\nTraffic planning and design<br>\n\nScientific research work in the field of transport<br>\n\nDesign and construction supervision in civil engineering<br><\/h4>\t\t\t\t<\/div>\n\t\t\t\t<\/div>\n\t\t\t\t<\/div>\n\t\t<div class=\"elementor-element elementor-element-bbd75dc e-con-full e-flex e-con e-child\" data-id=\"bbd75dc\" data-element_type=\"container\">\n\t\t\t\t<div class=\"elementor-element elementor-element-72c0731 elementor-widget elementor-widget-image\" data-id=\"72c0731\" data-element_type=\"widget\" data-widget_type=\"image.default\">\n\t\t\t\t<div class=\"elementor-widget-container\">\n\t\t\t\t\t\t\t\t\t\t\t\t\t\t\t<img decoding=\"async\" width=\"800\" height=\"633\" src=\"https:\/\/elipsa.hr\/wp-content\/uploads\/2025\/04\/Ovlasteni-inzenjeri-gradevinarstva-1.png\" class=\"attachment-large size-large wp-image-1041\" alt=\"\" srcset=\"https:\/\/elipsa.hr\/wp-content\/uploads\/2025\/04\/Ovlasteni-inzenjeri-gradevinarstva-1.png 940w, https:\/\/elipsa.hr\/wp-content\/uploads\/2025\/04\/Ovlasteni-inzenjeri-gradevinarstva-1-300x237.png 300w, https:\/\/elipsa.hr\/wp-content\/uploads\/2025\/04\/Ovlasteni-inzenjeri-gradevinarstva-1-768x608.png 768w, https:\/\/elipsa.hr\/wp-content\/uploads\/2025\/04\/Ovlasteni-inzenjeri-gradevinarstva-1-15x12.png 15w\" sizes=\"(max-width: 800px) 100vw, 800px\" \/>\t\t\t\t\t\t\t\t\t\t\t\t\t\t\t<\/div>\n\t\t\t\t<\/div>\n\t\t\t\t<div class=\"elementor-element elementor-element-7f600de elementor-widget elementor-widget-heading\" data-id=\"7f600de\" data-element_type=\"widget\" data-widget_type=\"heading.default\">\n\t\t\t\t<div class=\"elementor-widget-container\">\n\t\t\t\t\t<h4 class=\"elementor-heading-title elementor-size-default\">Chartered Civil Engineers<\/h4>\t\t\t\t<\/div>\n\t\t\t\t<\/div>\n\t\t\t\t<\/div>\n\t\t<div class=\"elementor-element elementor-element-fe4677a e-con-full e-flex e-con e-child\" data-id=\"fe4677a\" data-element_type=\"container\">\n\t\t\t\t<div class=\"elementor-element elementor-element-ef06235 elementor-widget elementor-widget-image\" data-id=\"ef06235\" data-element_type=\"widget\" data-widget_type=\"image.default\">\n\t\t\t\t<div class=\"elementor-widget-container\">\n\t\t\t\t\t\t\t\t\t\t\t\t\t\t\t<img decoding=\"async\" width=\"800\" height=\"738\" src=\"https:\/\/elipsa.hr\/wp-content\/uploads\/2025\/04\/ovlasteni-inzinjer-22222-1024x944.png\" class=\"attachment-large size-large wp-image-1064\" alt=\"\" srcset=\"https:\/\/elipsa.hr\/wp-content\/uploads\/2025\/04\/ovlasteni-inzinjer-22222-1024x944.png 1024w, https:\/\/elipsa.hr\/wp-content\/uploads\/2025\/04\/ovlasteni-inzinjer-22222-300x276.png 300w, https:\/\/elipsa.hr\/wp-content\/uploads\/2025\/04\/ovlasteni-inzinjer-22222-768x708.png 768w, https:\/\/elipsa.hr\/wp-content\/uploads\/2025\/04\/ovlasteni-inzinjer-22222-13x12.png 13w, https:\/\/elipsa.hr\/wp-content\/uploads\/2025\/04\/ovlasteni-inzinjer-22222.png 1070w\" sizes=\"(max-width: 800px) 100vw, 800px\" \/>\t\t\t\t\t\t\t\t\t\t\t\t\t\t\t<\/div>\n\t\t\t\t<\/div>\n\t\t\t\t<div class=\"elementor-element elementor-element-c1f4d0e elementor-widget elementor-widget-heading\" data-id=\"c1f4d0e\" data-element_type=\"widget\" data-widget_type=\"heading.default\">\n\t\t\t\t<div class=\"elementor-widget-container\">\n\t\t\t\t\t<h4 class=\"elementor-heading-title elementor-size-default\">Chartered Traffic Engineers<\/h4>\t\t\t\t<\/div>\n\t\t\t\t<\/div>\n\t\t\t\t<\/div>\n\t\t<div class=\"elementor-element elementor-element-f41f796 e-con-full e-flex e-con e-child\" data-id=\"f41f796\" data-element_type=\"container\">\n\t\t\t\t<div class=\"elementor-element elementor-element-660139f elementor-widget elementor-widget-image\" data-id=\"660139f\" data-element_type=\"widget\" data-widget_type=\"image.default\">\n\t\t\t\t<div class=\"elementor-widget-container\">\n\t\t\t\t\t\t\t\t\t\t\t\t\t\t\t<img loading=\"lazy\" decoding=\"async\" width=\"222\" height=\"222\" src=\"https:\/\/elipsa.hr\/wp-content\/uploads\/2025\/04\/Ovlasteni-voditelj-projekata.png\" class=\"attachment-large size-large wp-image-1050\" alt=\"\" srcset=\"https:\/\/elipsa.hr\/wp-content\/uploads\/2025\/04\/Ovlasteni-voditelj-projekata.png 222w, https:\/\/elipsa.hr\/wp-content\/uploads\/2025\/04\/Ovlasteni-voditelj-projekata-150x150.png 150w, https:\/\/elipsa.hr\/wp-content\/uploads\/2025\/04\/Ovlasteni-voditelj-projekata-12x12.png 12w\" sizes=\"(max-width: 222px) 100vw, 222px\" \/>\t\t\t\t\t\t\t\t\t\t\t\t\t\t\t<\/div>\n\t\t\t\t<\/div>\n\t\t\t\t<div class=\"elementor-element elementor-element-2e8a474 elementor-widget elementor-widget-heading\" data-id=\"2e8a474\" data-element_type=\"widget\" data-widget_type=\"heading.default\">\n\t\t\t\t<div class=\"elementor-widget-container\">\n\t\t\t\t\t<h4 class=\"elementor-heading-title elementor-size-default\">Certified Project Manager IPMA-C<\/h4>\t\t\t\t<\/div>\n\t\t\t\t<\/div>\n\t\t\t\t<\/div>\n\t\t<div class=\"elementor-element elementor-element-9c38212 e-con-full e-flex e-con e-child\" data-id=\"9c38212\" data-element_type=\"container\">\n\t\t\t\t<div class=\"elementor-element elementor-element-5db561a elementor-widget elementor-widget-image\" data-id=\"5db561a\" data-element_type=\"widget\" data-widget_type=\"image.default\">\n\t\t\t\t<div class=\"elementor-widget-container\">\n\t\t\t\t\t\t\t\t\t\t\t\t\t\t\t<img loading=\"lazy\" decoding=\"async\" width=\"254\" height=\"224\" src=\"https:\/\/elipsa.hr\/wp-content\/uploads\/2025\/04\/Podrska-operacije-i-planiranje-IT-usluga-1.png\" class=\"attachment-large size-large wp-image-1054\" alt=\"\" srcset=\"https:\/\/elipsa.hr\/wp-content\/uploads\/2025\/04\/Podrska-operacije-i-planiranje-IT-usluga-1.png 254w, https:\/\/elipsa.hr\/wp-content\/uploads\/2025\/04\/Podrska-operacije-i-planiranje-IT-usluga-1-14x12.png 14w\" sizes=\"(max-width: 254px) 100vw, 254px\" \/>\t\t\t\t\t\t\t\t\t\t\t\t\t\t\t<\/div>\n\t\t\t\t<\/div>\n\t\t\t\t<div class=\"elementor-element elementor-element-4be81f1 elementor-widget elementor-widget-heading\" data-id=\"4be81f1\" data-element_type=\"widget\" data-widget_type=\"heading.default\">\n\t\t\t\t<div class=\"elementor-widget-container\">\n\t\t\t\t\t<h4 class=\"elementor-heading-title elementor-size-default\">ITIL 4 Foundation<\/h4>\t\t\t\t<\/div>\n\t\t\t\t<\/div>\n\t\t\t\t<\/div>\n\t\t<div class=\"elementor-element elementor-element-ada82d8 e-con-full e-flex e-con e-child\" data-id=\"ada82d8\" data-element_type=\"container\">\n\t\t\t\t<div class=\"elementor-element elementor-element-e6e615b elementor-widget elementor-widget-image\" data-id=\"e6e615b\" data-element_type=\"widget\" data-widget_type=\"image.default\">\n\t\t\t\t<div class=\"elementor-widget-container\">\n\t\t\t\t\t\t\t\t\t\t\t\t\t\t\t<img loading=\"lazy\" decoding=\"async\" width=\"350\" height=\"79\" src=\"https:\/\/elipsa.hr\/wp-content\/uploads\/2025\/04\/PTV-Visum-4-stupanjski-prometni-model.jpg\" class=\"attachment-large size-large wp-image-1056\" alt=\"\" srcset=\"https:\/\/elipsa.hr\/wp-content\/uploads\/2025\/04\/PTV-Visum-4-stupanjski-prometni-model.jpg 350w, https:\/\/elipsa.hr\/wp-content\/uploads\/2025\/04\/PTV-Visum-4-stupanjski-prometni-model-300x68.jpg 300w, https:\/\/elipsa.hr\/wp-content\/uploads\/2025\/04\/PTV-Visum-4-stupanjski-prometni-model-18x4.jpg 18w\" sizes=\"(max-width: 350px) 100vw, 350px\" \/>\t\t\t\t\t\t\t\t\t\t\t\t\t\t\t<\/div>\n\t\t\t\t<\/div>\n\t\t\t\t<div class=\"elementor-element elementor-element-b0168fc elementor-widget elementor-widget-heading\" data-id=\"b0168fc\" data-element_type=\"widget\" data-widget_type=\"heading.default\">\n\t\t\t\t<div class=\"elementor-widget-container\">\n\t\t\t\t\t<h4 class=\"elementor-heading-title elementor-size-default\">PTV Visum<\/h4>\t\t\t\t<\/div>\n\t\t\t\t<\/div>\n\t\t\t\t<\/div>\n\t\t<div class=\"elementor-element elementor-element-002c9ae e-con-full e-flex e-con e-child\" data-id=\"002c9ae\" data-element_type=\"container\">\n\t\t\t\t<div class=\"elementor-element elementor-element-871fe47 elementor-widget elementor-widget-image\" data-id=\"871fe47\" data-element_type=\"widget\" data-widget_type=\"image.default\">\n\t\t\t\t<div class=\"elementor-widget-container\">\n\t\t\t\t\t\t\t\t\t\t\t\t\t\t\t<img loading=\"lazy\" decoding=\"async\" width=\"206\" height=\"206\" src=\"https:\/\/elipsa.hr\/wp-content\/uploads\/2025\/04\/Plan-odrzive-urbane-mobilnost-2i.png\" class=\"attachment-large size-large wp-image-1060\" alt=\"\" srcset=\"https:\/\/elipsa.hr\/wp-content\/uploads\/2025\/04\/Plan-odrzive-urbane-mobilnost-2i.png 206w, https:\/\/elipsa.hr\/wp-content\/uploads\/2025\/04\/Plan-odrzive-urbane-mobilnost-2i-150x150.png 150w, https:\/\/elipsa.hr\/wp-content\/uploads\/2025\/04\/Plan-odrzive-urbane-mobilnost-2i-12x12.png 12w\" sizes=\"(max-width: 206px) 100vw, 206px\" \/>\t\t\t\t\t\t\t\t\t\t\t\t\t\t\t<\/div>\n\t\t\t\t<\/div>\n\t\t\t\t<div class=\"elementor-element elementor-element-ce8eaf0 elementor-widget elementor-widget-heading\" data-id=\"ce8eaf0\" data-element_type=\"widget\" data-widget_type=\"heading.default\">\n\t\t\t\t<div class=\"elementor-widget-container\">\n\t\t\t\t\t<h4 class=\"elementor-heading-title elementor-size-default\">Sustainable Urban Mobility Plans<br>\nMobility-as-a-Service<br>\nSustainable Parking Management<br>\n15-min Cities<br>\nDemand Responsive Transport<br>\nSustainable Urban Logistic<br>\nAI in Urban Mobility<br><\/h4>\t\t\t\t<\/div>\n\t\t\t\t<\/div>\n\t\t\t\t<\/div>\n\t\t<div class=\"elementor-element elementor-element-1256421 e-con-full e-flex e-con e-child\" data-id=\"1256421\" data-element_type=\"container\">\n\t\t\t\t<div class=\"elementor-element elementor-element-6707113 elementor-widget elementor-widget-image\" data-id=\"6707113\" data-element_type=\"widget\" data-widget_type=\"image.default\">\n\t\t\t\t<div class=\"elementor-widget-container\">\n\t\t\t\t\t\t\t\t\t\t\t\t\t\t\t<img loading=\"lazy\" decoding=\"async\" width=\"183\" height=\"178\" src=\"https:\/\/elipsa.hr\/wp-content\/uploads\/2026\/04\/certifikati-ikoina-nova-2.png\" class=\"attachment-large size-large wp-image-1851\" alt=\"\" srcset=\"https:\/\/elipsa.hr\/wp-content\/uploads\/2026\/04\/certifikati-ikoina-nova-2.png 183w, https:\/\/elipsa.hr\/wp-content\/uploads\/2026\/04\/certifikati-ikoina-nova-2-12x12.png 12w\" sizes=\"(max-width: 183px) 100vw, 183px\" \/>\t\t\t\t\t\t\t\t\t\t\t\t\t\t\t<\/div>\n\t\t\t\t<\/div>\n\t\t\t\t<div class=\"elementor-element elementor-element-d85b436 elementor-widget elementor-widget-heading\" data-id=\"d85b436\" data-element_type=\"widget\" data-widget_type=\"heading.default\">\n\t\t\t\t<div class=\"elementor-widget-container\">\n\t\t\t\t\t<h4 class=\"elementor-heading-title elementor-size-default\">Health and Safety Coordinator<br>\nCBA development<br>\nISO 20000<br>\nISO 27001<br><\/h4>\t\t\t\t<\/div>\n\t\t\t\t<\/div>\n\t\t\t\t<\/div>\n\t\t\t\t\t<\/div>\n\t\t\t\t<\/div>\n\t\t\t\t<\/div>","protected":false},"excerpt":{"rendered":"<p>Strukovna ovla\u0161tenja i certifikati ISO 9001:2015 Prometno planiranje i projektiranje Znanstvenoistra\u017eiva\u010dki rad u podru\u010dju prometa Projektiranje i nadzor nad gra\u0111enjem u niskogradnji Ovla\u0161teni in\u017eenjeri gra\u0111evinarstva Ovla\u0161teni in\u017eenjeri tehnologije prometa i transporta Ovla\u0161teni voditelj projekata IPMA C Podr\u0161ka, operacije i planiranje IT usluga PTV Visum 4-stupanjski prometni model Plan odr\u017eive urbane mobilnosti Mobility-as-a-Service Odr\u017eivo parkiranje 15-minutni [&hellip;]<\/p>","protected":false},"author":1,"featured_media":0,"parent":0,"menu_order":0,"comment_status":"closed","ping_status":"closed","template":"","meta":{"_acf_changed":false,"footnotes":""},"class_list":["post-1066","page","type-page","status-publish","hentry"],"acf":[],"_links":{"self":[{"href":"https:\/\/elipsa.hr\/en\/wp-json\/wp\/v2\/pages\/1066"}],"collection":[{"href":"https:\/\/elipsa.hr\/en\/wp-json\/wp\/v2\/pages"}],"about":[{"href":"https:\/\/elipsa.hr\/en\/wp-json\/wp\/v2\/types\/page"}],"author":[{"embeddable":true,"href":"https:\/\/elipsa.hr\/en\/wp-json\/wp\/v2\/users\/1"}],"replies":[{"embeddable":true,"href":"https:\/\/elipsa.hr\/en\/wp-json\/wp\/v2\/comments?post=1066"}],"version-history":[{"count":115,"href":"https:\/\/elipsa.hr\/en\/wp-json\/wp\/v2\/pages\/1066\/revisions"}],"predecessor-version":[{"id":1868,"href":"https:\/\/elipsa.hr\/en\/wp-json\/wp\/v2\/pages\/1066\/revisions\/1868"}],"wp:attachment":[{"href":"https:\/\/elipsa.hr\/en\/wp-json\/wp\/v2\/media?parent=1066"}],"curies":[{"name":"wp","href":"https:\/\/api.w.org\/{rel}","templated":true}]}}